{"id":2,"date":"2024-02-27T22:59:37","date_gmt":"2024-02-27T21:59:37","guid":{"rendered":"http:\/\/multi-travaux-franck.fr\/?page_id=2"},"modified":"2025-02-15T19:24:49","modified_gmt":"2025-02-15T18:24:49","slug":"multi-tavaux-franck","status":"publish","type":"page","link":"https:\/\/multi-travaux-franck.fr\/","title":{"rendered":"Multi Travaux Franck"},"content":{"rendered":"\n<h3 class=\"wp-block-heading\">\u00c9lectricien, plombier et r\u00e9novateur pour tout vos travaux sur Nice 06 et ses alentours<\/h3>\n\n\n\n<p>La soci\u00e9t\u00e9 Mutli Travaux Franck offre ses services dans les domaines de l&rsquo;\u00e9lectricit\u00e9,<br>de la plomberie, de la peinture et de la r\u00e9novation en g\u00e9n\u00e9ral sur Nice et ses alentours. <br>Nous nous d\u00e9pla\u00e7ons dans tout le d\u00e9partement 06 Alpes-Maritimes.<br>Avec une expertise reconnue et une exp\u00e9rience solide, <br>nous nous engageons \u00e0 fournir des solutions de haute qualit\u00e9 pour r\u00e9pondre \u00e0 vos besoins.<\/p>\n\n\n\n<h2><span style=\"font-size: 80%;\">Devis gratuit<\/span><\/h2>\n<p>N&rsquo;h\u00e9siter pas a nous contacter pour obtenir un devis d\u00e9taill\u00e9. \n<br><span style=\"font-size: 120%;\">Via T\u00e9l\u00e9phone : <span style=\"font-size: 110%;\"><strong>07.60.65.21.41<\/strong><\/span><\/span> \n<br>ou \n<br><span style=\"font-size: 120%;\">Via formulaire de contact -> <\/span><a href=\"https:\/\/multi-travaux-franck.fr\/index.php\/contact\/\" ><button type=\"button\" class=\"components-button wp-block-social-link-anchor\"><svg width=\"24\" height=\"24\" viewBox=\"0 0 24 24\" version=\"1.1\" aria-hidden=\"true\" focusable=\"false\"><path d=\"M19 5H5c-1.1 0-2 .9-2 2v10c0 1.1.9 2 2 2h14c1.1 0 2-.9 2-2V7c0-1.1-.9-2-2-2zm.5 12c0 .3-.2.5-.5.5H5c-.3 0-.5-.2-.5-.5V9.8l7.5 5.6 7.5-5.6V17zm0-9.1L12 13.6 4.5 7.9V7c0-.3.2-.5.5-.5h14c.3 0 .5.2.5.5v.9z\"><\/path><\/svg><span class=\"wp-block-social-link-label screen-reader-text\">Mail<\/span><\/button><\/a>\n<\/p>\n\n\n\n<div class=\"wp-block-buttons is-layout-flex wp-block-buttons-is-layout-flex\"><\/div>\n","protected":false},"excerpt":{"rendered":"<p>\u00c9lectricien, plombier et r\u00e9novateur pour tout vos travaux sur Nice 06 et ses alentours La soci\u00e9t\u00e9 Mutli Travaux Franck offre ses services dans les domaines&hellip;<\/p>\n","protected":false},"author":2,"featured_media":0,"parent":0,"menu_order":0,"comment_status":"closed","ping_status":"closed","template":"","meta":{"footnotes":""},"class_list":["post-2","page","type-page","status-publish","hentry"],"yoast_head":"<!-- This site is optimized with the Yoast SEO plugin v24.6 - https:\/\/yoast.com\/wordpress\/plugins\/seo\/ -->\n<title>Multi Travaux Franck<\/title>\n<meta name=\"description\" content=\"Pour vos travaux en \u00e9lectricit\u00e9, plomberie, peinture ainsi que les travaux en tout genres. Nous intervenons sur Nice 06 et ses alentours.\" \/>\n<meta name=\"robots\" content=\"index, follow, max-snippet:-1, max-image-preview:large, max-video-preview:-1\" \/>\n<link rel=\"canonical\" href=\"https:\/\/multi-travaux-franck.fr\/\" \/>\n<meta property=\"og:locale\" content=\"fr_FR\" \/>\n<meta property=\"og:type\" content=\"article\" \/>\n<meta property=\"og:title\" content=\"Multi Travaux Franck\" \/>\n<meta property=\"og:description\" content=\"Pour vos travaux en \u00e9lectricit\u00e9, plomberie, peinture ainsi que les travaux en tout genres. Nous intervenons sur Nice 06 et ses alentours.\" \/>\n<meta property=\"og:url\" content=\"https:\/\/multi-travaux-franck.fr\/\" \/>\n<meta property=\"og:site_name\" content=\"Multi travaux Franck\" \/>\n<meta property=\"article:publisher\" content=\"https:\/\/www.facebook.com\/profile.php?id=100093650144649\" \/>\n<meta property=\"article:modified_time\" content=\"2025-02-15T18:24:49+00:00\" \/>\n<meta name=\"twitter:card\" content=\"summary_large_image\" \/>\n<meta name=\"twitter:label1\" content=\"Dur\u00e9e de lecture estim\u00e9e\" \/>\n\t<meta name=\"twitter:data1\" content=\"1 minute\" \/>\n<script type=\"application\/ld+json\" class=\"yoast-schema-graph\">{\"@context\":\"https:\/\/schema.org\",\"@graph\":[{\"@type\":\"WebPage\",\"@id\":\"https:\/\/multi-travaux-franck.fr\/\",\"url\":\"https:\/\/multi-travaux-franck.fr\/\",\"name\":\"Multi Travaux Franck\",\"isPartOf\":{\"@id\":\"https:\/\/multi-travaux-franck.fr\/#website\"},\"datePublished\":\"2024-02-27T21:59:37+00:00\",\"dateModified\":\"2025-02-15T18:24:49+00:00\",\"description\":\"Pour vos travaux en \u00e9lectricit\u00e9, plomberie, peinture ainsi que les travaux en tout genres. Nous intervenons sur Nice 06 et ses alentours.\",\"breadcrumb\":{\"@id\":\"https:\/\/multi-travaux-franck.fr\/#breadcrumb\"},\"inLanguage\":\"fr-FR\",\"potentialAction\":[{\"@type\":\"ReadAction\",\"target\":[\"https:\/\/multi-travaux-franck.fr\/\"]}]},{\"@type\":\"BreadcrumbList\",\"@id\":\"https:\/\/multi-travaux-franck.fr\/#breadcrumb\",\"itemListElement\":[{\"@type\":\"ListItem\",\"position\":1,\"name\":\"Accueil\",\"item\":\"https:\/\/multi-travaux-franck.fr\/\"},{\"@type\":\"ListItem\",\"position\":2,\"name\":\"Multi Travaux Franck\"}]},{\"@type\":\"WebSite\",\"@id\":\"https:\/\/multi-travaux-franck.fr\/#website\",\"url\":\"https:\/\/multi-travaux-franck.fr\/\",\"name\":\"multi travaux Franck\",\"description\":\"\u00c9lectricien, plombier et r\u00e9novateur pour tout vos travaux sur Nice 06 et ses alentours\",\"publisher\":{\"@id\":\"https:\/\/multi-travaux-franck.fr\/#organization\"},\"potentialAction\":[{\"@type\":\"SearchAction\",\"target\":{\"@type\":\"EntryPoint\",\"urlTemplate\":\"https:\/\/multi-travaux-franck.fr\/?s={search_term_string}\"},\"query-input\":{\"@type\":\"PropertyValueSpecification\",\"valueRequired\":true,\"valueName\":\"search_term_string\"}}],\"inLanguage\":\"fr-FR\"},{\"@type\":\"Organization\",\"@id\":\"https:\/\/multi-travaux-franck.fr\/#organization\",\"name\":\"multi travaux Franck\",\"url\":\"https:\/\/multi-travaux-franck.fr\/\",\"logo\":{\"@type\":\"ImageObject\",\"inLanguage\":\"fr-FR\",\"@id\":\"https:\/\/multi-travaux-franck.fr\/#\/schema\/logo\/image\/\",\"url\":\"https:\/\/multi-travaux-franck.fr\/wp-content\/uploads\/2024\/03\/cropped-355086058_109193128879025_4259140769990190176_n-e1709837661147.jpg\",\"contentUrl\":\"https:\/\/multi-travaux-franck.fr\/wp-content\/uploads\/2024\/03\/cropped-355086058_109193128879025_4259140769990190176_n-e1709837661147.jpg\",\"width\":960,\"height\":281,\"caption\":\"multi travaux Franck\"},\"image\":{\"@id\":\"https:\/\/multi-travaux-franck.fr\/#\/schema\/logo\/image\/\"},\"sameAs\":[\"https:\/\/www.facebook.com\/profile.php?id=100093650144649\",\"https:\/\/www.instagram.com\/multitravauxfranck\/\"]}]}<\/script>\n<!-- \/ Yoast SEO plugin. -->","yoast_head_json":{"title":"Multi Travaux Franck","description":"Pour vos travaux en \u00e9lectricit\u00e9, plomberie, peinture ainsi que les travaux en tout genres. Nous intervenons sur Nice 06 et ses alentours.","robots":{"index":"index","follow":"follow","max-snippet":"max-snippet:-1","max-image-preview":"max-image-preview:large","max-video-preview":"max-video-preview:-1"},"canonical":"https:\/\/multi-travaux-franck.fr\/","og_locale":"fr_FR","og_type":"article","og_title":"Multi Travaux Franck","og_description":"Pour vos travaux en \u00e9lectricit\u00e9, plomberie, peinture ainsi que les travaux en tout genres. Nous intervenons sur Nice 06 et ses alentours.","og_url":"https:\/\/multi-travaux-franck.fr\/","og_site_name":"Multi travaux Franck","article_publisher":"https:\/\/www.facebook.com\/profile.php?id=100093650144649","article_modified_time":"2025-02-15T18:24:49+00:00","twitter_card":"summary_large_image","twitter_misc":{"Dur\u00e9e de lecture estim\u00e9e":"1 minute"},"schema":{"@context":"https:\/\/schema.org","@graph":[{"@type":"WebPage","@id":"https:\/\/multi-travaux-franck.fr\/","url":"https:\/\/multi-travaux-franck.fr\/","name":"Multi Travaux Franck","isPartOf":{"@id":"https:\/\/multi-travaux-franck.fr\/#website"},"datePublished":"2024-02-27T21:59:37+00:00","dateModified":"2025-02-15T18:24:49+00:00","description":"Pour vos travaux en \u00e9lectricit\u00e9, plomberie, peinture ainsi que les travaux en tout genres. Nous intervenons sur Nice 06 et ses alentours.","breadcrumb":{"@id":"https:\/\/multi-travaux-franck.fr\/#breadcrumb"},"inLanguage":"fr-FR","potentialAction":[{"@type":"ReadAction","target":["https:\/\/multi-travaux-franck.fr\/"]}]},{"@type":"BreadcrumbList","@id":"https:\/\/multi-travaux-franck.fr\/#breadcrumb","itemListElement":[{"@type":"ListItem","position":1,"name":"Accueil","item":"https:\/\/multi-travaux-franck.fr\/"},{"@type":"ListItem","position":2,"name":"Multi Travaux Franck"}]},{"@type":"WebSite","@id":"https:\/\/multi-travaux-franck.fr\/#website","url":"https:\/\/multi-travaux-franck.fr\/","name":"multi travaux Franck","description":"\u00c9lectricien, plombier et r\u00e9novateur pour tout vos travaux sur Nice 06 et ses alentours","publisher":{"@id":"https:\/\/multi-travaux-franck.fr\/#organization"},"potentialAction":[{"@type":"SearchAction","target":{"@type":"EntryPoint","urlTemplate":"https:\/\/multi-travaux-franck.fr\/?s={search_term_string}"},"query-input":{"@type":"PropertyValueSpecification","valueRequired":true,"valueName":"search_term_string"}}],"inLanguage":"fr-FR"},{"@type":"Organization","@id":"https:\/\/multi-travaux-franck.fr\/#organization","name":"multi travaux Franck","url":"https:\/\/multi-travaux-franck.fr\/","logo":{"@type":"ImageObject","inLanguage":"fr-FR","@id":"https:\/\/multi-travaux-franck.fr\/#\/schema\/logo\/image\/","url":"https:\/\/multi-travaux-franck.fr\/wp-content\/uploads\/2024\/03\/cropped-355086058_109193128879025_4259140769990190176_n-e1709837661147.jpg","contentUrl":"https:\/\/multi-travaux-franck.fr\/wp-content\/uploads\/2024\/03\/cropped-355086058_109193128879025_4259140769990190176_n-e1709837661147.jpg","width":960,"height":281,"caption":"multi travaux Franck"},"image":{"@id":"https:\/\/multi-travaux-franck.fr\/#\/schema\/logo\/image\/"},"sameAs":["https:\/\/www.facebook.com\/profile.php?id=100093650144649","https:\/\/www.instagram.com\/multitravauxfranck\/"]}]}},"_links":{"self":[{"href":"https:\/\/multi-travaux-franck.fr\/index.php\/wp-json\/wp\/v2\/pages\/2","targetHints":{"allow":["GET"]}}],"collection":[{"href":"https:\/\/multi-travaux-franck.fr\/index.php\/wp-json\/wp\/v2\/pages"}],"about":[{"href":"https:\/\/multi-travaux-franck.fr\/index.php\/wp-json\/wp\/v2\/types\/page"}],"author":[{"embeddable":true,"href":"https:\/\/multi-travaux-franck.fr\/index.php\/wp-json\/wp\/v2\/users\/2"}],"replies":[{"embeddable":true,"href":"https:\/\/multi-travaux-franck.fr\/index.php\/wp-json\/wp\/v2\/comments?post=2"}],"version-history":[{"count":17,"href":"https:\/\/multi-travaux-franck.fr\/index.php\/wp-json\/wp\/v2\/pages\/2\/revisions"}],"predecessor-version":[{"id":376,"href":"https:\/\/multi-travaux-franck.fr\/index.php\/wp-json\/wp\/v2\/pages\/2\/revisions\/376"}],"wp:attachment":[{"href":"https:\/\/multi-travaux-franck.fr\/index.php\/wp-json\/wp\/v2\/media?parent=2"}],"curies":[{"name":"wp","href":"https:\/\/api.w.org\/{rel}","templated":true}]}}